{"id":8,"date":"2020-03-30T10:44:04","date_gmt":"2020-03-30T10:44:04","guid":{"rendered":"https:\/\/projet.csvennes.fr\/?page_id=8"},"modified":"2020-11-13T16:47:05","modified_gmt":"2020-11-13T16:47:05","slug":"the-new-umoma-opens-its-doors-2","status":"publish","type":"page","link":"https:\/\/ag2020.csvennes.fr\/","title":{"rendered":"Une assembl\u00e9e g\u00e9n\u00e9rale autrement"},"content":{"rendered":"\n<div class=\"wp-block-group alignwide has-background\" style=\"background-color:#e3f0fa\"><div class=\"wp-block-group__inner-container is-layout-flow wp-block-group-is-layout-flow\">\n<p><\/p>\n\n\n\n<h4 class=\"has-text-align-center wp-block-heading\"><strong>Parce qu&rsquo;il \u00e9tait difficile de se r\u00e9unir en septembre du fait de la crise sanitaire<\/strong>.<\/h4>\n\n\n\n<h4 class=\"has-text-align-center wp-block-heading\"><strong>Les visioconf\u00e9rences ne sont pas de bonne qualit\u00e9 pour tous.<\/strong><\/h4>\n\n\n\n<p><\/p>\n\n\n\n<h4 class=\"has-text-align-center has-black-color has-text-color wp-block-heading\"><strong>Ce site a pr\u00e9sent\u00e9 les rapports annuels<\/strong><\/h4>\n\n\n\n<p><\/p>\n\n\n\n<h5 class=\"has-black-color has-text-color wp-block-heading\"><strong>Les adh\u00e9rents ont \u00e9t\u00e9 invit\u00e9s  \u00e0 venir voter au centre social ou par correspondance pendant 15 jours<\/strong><\/h5>\n\n\n\n<h5 class=\"has-black-color has-text-color wp-block-heading\"><strong>.<\/strong><\/h5>\n\n\n\n<h5 class=\"has-black-color has-text-color wp-block-heading\"><strong>Le rendez-vou<\/strong>s<strong> au square des Vennes a eu lieu <\/strong><\/h5>\n\n\n\n<h5 class=\"has-black-color has-text-color wp-block-heading\">le vendredi 25 septembre \u00e0 18h en plein air                                                                                                           Nous n&rsquo;avons dispos\u00e9 que d&rsquo;une \u00ab\u00a0fen\u00eatre m\u00e9t\u00e9o\u00a0\u00bb d&rsquo;une heure, le temps de lire le rapport moral, et d&rsquo;entendre le repr\u00e9sentant de la CAF de l&rsquo;Ain qui avait fait le d\u00e9placement.. Le maire adjoint pour sa part  \u00e9t\u00e9 rattrap\u00e9 par les premiers gr\u00ealons<strong>&#8230; <\/strong><\/h5>\n\n\n\n<p>Les animations pr\u00e9vues pour r\u00e9fl\u00e9chir au nouveau projet du centre social sont donc remise \u00e0 une date ult\u00e9rieure&#8230;<\/p>\n\n\n\n<p><\/p>\n\n\n\n<p><\/p>\n<\/div><\/div>\n\n\n\n<div class=\"wp-block-columns alignwide is-layout-flex wp-container-core-columns-is-layout-1 wp-block-columns-is-layout-flex\">\n<div class=\"wp-block-column is-layout-flow wp-block-column-is-layout-flow\">\n<div class=\"wp-block-group\"><div class=\"wp-block-group__inner-container is-layout-flow wp-block-group-is-layout-flow\">\n<p><\/p>\n\n\n\n<p><\/p>\n\n\n\n<h3 class=\"wp-block-heading\">Regards sur l&rsquo;ann\u00e9e 2019<\/h3>\n\n\n\n<p><a href=\"https:\/\/projet.csvennes.fr\/?cat=5\" data-type=\"URL\" data-id=\"https:\/\/projet.csvennes.fr\/?cat=5\" target=\"_blank\" rel=\"noreferrer noopener\">Un rapport des activit\u00e9s<\/a><\/p>\n\n\n\n<p><a href=\"https:\/\/projet.csvennes.fr\/?cat=6\">Un rapport financier<\/a><\/p>\n\n\n\n<p><a href=\"https:\/\/projet.csvennes.fr\/?p=290\" target=\"_blank\" rel=\"noreferrer noopener\">Un rapport moral et d&rsquo;orientation<\/a><\/p>\n<\/div><\/div>\n\n\n\n<div class=\"wp-block-group\"><div class=\"wp-block-group__inner-container is-layout-flow wp-block-group-is-layout-flow\">\n<p><\/p>\n\n\n\n<p><\/p>\n\n\n\n<p><\/p>\n\n\n\n<p><\/p>\n\n\n\n<p><\/p>\n\n\n\n<div class=\"wp-block-group\"><div class=\"wp-block-group__inner-container is-layout-flow wp-block-group-is-layout-flow\">\n<div class=\"wp-block-group has-black-color has-text-color has-background\" style=\"background-color:#e0f0f8\"><div class=\"wp-block-group__inner-container is-layout-flow wp-block-group-is-layout-flow\">\n<h3 class=\"wp-block-heading\">Vendredi 25 septembre 18h<\/h3>\n\n\n\n<h3 class=\"wp-block-heading\">RV au square des Vennes<\/h3>\n\n\n\n<p>Pour que notre Assembl\u00e9e G\u00e9n\u00e9rale reste un moment d&rsquo;\u00e9change et pour que vous puissiez vous exprimer:<\/p>\n\n\n\n<p>Notre quartier bouge,  les besoins changent, comment notre centre social  doit-il \u00e9voluer? Face \u00e0 la situation actuelle, comment continuer \u00e0 faire de l&rsquo;animation de la vie sociale?<\/p>\n\n\n\n<p>Le 24 janvier dernier nous avions fait des constats, nous souhaitons maintenant poursuivre la r\u00e9flexion  pour pr\u00e9parer notre nouveau projet.<\/p>\n\n\n\n<p><\/p>\n\n\n\n<p><strong>Un rendez vous en plein air!<\/strong><\/p>\n<\/div><\/div>\n<\/div><\/div>\n\n\n\n<div class=\"wp-block-button is-style-outline is-style-outline--1\"><a class=\"wp-block-button__link\" href=\"https:\/\/projet.csvennes.fr\/wp-content\/uploads\/2020\/09\/quartier-secteurs.jpg\" target=\"_blank\" rel=\"noreferrer noopener\">c&rsquo;est quoi notre quartier<\/a><\/div>\n\n\n\n<p><\/p>\n<\/div><\/div>\n<\/div>\n\n\n\n<div class=\"wp-block-column is-layout-flow wp-block-column-is-layout-flow\">\n<div class=\"wp-block-group\"><div class=\"wp-block-group__inner-container is-layout-flow wp-block-group-is-layout-flow\">\n<p><\/p>\n\n\n\n<p><\/p>\n\n\n\n<div class=\"wp-block-group has-background\" style=\"background-color:#f7e2c3\"><div class=\"wp-block-group__inner-container is-layout-flow wp-block-group-is-layout-flow\">\n<h2 class=\"wp-block-heading\"><\/h2>\n\n\n\n<h2 class=\"wp-block-heading\">Du 21 septembre au 9 octobre 2020, les adh\u00e9rents sont pass\u00e9s au centre social<\/h2>\n\n\n\n<p>Pour prendre connaissance de la <strong>proposition des nouveaux statuts<\/strong> qui sont <strong>\u00e0<a rel=\"noreferrer noopener\" href=\"https:\/\/projet.csvennes.fr\/?cat=8\" target=\"_blank\"> lire ici.<\/a><\/strong><\/p>\n\n\n\n<p>Pour prendre connaissance des <strong>candidatures pour renouveler le conseil d&rsquo;administration<\/strong>.<strong><a rel=\"noreferrer noopener\" href=\"https:\/\/projet.csvennes.fr\/?p=213\" target=\"_blank\"> ici<\/a><\/strong><\/p>\n\n\n\n<p>Pour demander des pr\u00e9cisions ou lire les <strong>articles du<\/strong><a rel=\"noreferrer noopener\" href=\"https:\/\/projet.csvennes.fr\/?cat=5\" target=\"_blank\"><strong> rapport d&rsquo;activit\u00e9s<\/strong><\/a><strong>, et du<\/strong><a rel=\"noreferrer noopener\" href=\"https:\/\/projet.csvennes.fr\/?p=83\" target=\"_blank\"><strong> rapport financier<\/strong> <\/a> et enfin voter.<\/p>\n\n\n\n<div class=\"wp-block-image\"><figure class=\"aligncenter size-large\"><img loading=\"lazy\" decoding=\"async\" width=\"109\" height=\"116\" src=\"https:\/\/projet.csvennes.fr\/wp-content\/uploads\/2020\/09\/vote-e1599741279480.jpg\" alt=\"\" class=\"wp-image-77\"\/><figcaption><strong>60 votants au final<\/strong>, 59 bulletins exprim\u00e9s ont valid\u00e9 les diff\u00e9rents votes.<\/figcaption><\/figure><\/div>\n\n\n\n<p class=\"has-black-color has-text-color\"><\/p>\n<\/div><\/div>\n\n\n\n<p><\/p>\n<\/div><\/div>\n\n\n\n<div class=\"wp-block-group\"><div class=\"wp-block-group__inner-container is-layout-flow wp-block-group-is-layout-flow\">\n<p><\/p>\n\n\n\n<h2 class=\"wp-block-heading\">Regard sur 2020<\/h2>\n\n\n\n<p>Si l&rsquo;objet de cette assembl\u00e9e g\u00e9n\u00e9rale est de cl\u00f4turer l&rsquo;ann\u00e9e 2019, vu la date tardive, nous \u00e9voquons ici cette p\u00e9riode si particuli\u00e8re du confinement avec le blog <a href=\"http:\/\/gardonslelien.csvennes.fr\" target=\"_blank\" rel=\"noreferrer noopener\">gardonslelien.csvennes.fr<\/a><\/p>\n\n\n\n<p><\/p>\n\n\n\n<p><\/p>\n\n\n\n<div class=\"wp-block-button is-style-outline is-style-outline--2\"><a class=\"wp-block-button__link has-white-color has-blue-background-color has-text-color has-background\" href=\"https:\/\/gardonslelien.csvennes.fr\/\" target=\"_blank\" rel=\"noreferrer noopener\">Visiter le blog 2020<\/a><\/div>\n<\/div><\/div>\n\n\n\n<p><\/p>\n<\/div>\n<\/div>\n\n\n\n<div class=\"wp-block-group alignwide\"><div class=\"wp-block-group__inner-container is-layout-flow wp-block-group-is-layout-flow\">\n<h2 class=\"has-text-align-center has-accent-color has-text-color wp-block-heading\">\u201dRejoindre l&rsquo;\u00e9quipe qui compose le conseil d&rsquo;administration\u201d<\/h2>\n<\/div><\/div>\n\n\n\n<p>Parce qu&rsquo;il faut \u00eatre plusieurs pour piloter et suivre le projet d&rsquo;un centre social.<\/p>\n\n\n\n<p>Parce qu&rsquo;il faudrait r\u00e9ussir \u00e0 \u00eatre le plus repr\u00e9sentatif possible.<\/p>\n\n\n\n<p>Parce qu&rsquo;il y a des non renouvellement.<\/p>\n\n\n\n<p>Pour que notre association existe! Rejoignez-nous!<\/p>\n\n\n\n<div class=\"wp-block-group alignwide has-background\" style=\"background-color:#ffffff\"><div class=\"wp-block-group__inner-container is-layout-flow wp-block-group-is-layout-flow\">\n<div class=\"wp-block-group\"><div class=\"wp-block-group__inner-container is-layout-flow wp-block-group-is-layout-flow\">\n<div class=\"wp-block-button aligncenter\"><a class=\"wp-block-button__link has-white-color has-blue-background-color has-text-color has-background\" href=\"https:\/\/projet.csvennes.fr\/?p=213\" target=\"_blank\" rel=\"noreferrer noopener\">Je d\u00e9couvre<\/a><\/div>\n<\/div><\/div>\n<\/div><\/div>\n\n\n\n<figure class=\"wp-block-gallery alignwide columns-2 is-cropped wp-block-gallery-3 is-layout-flex wp-block-gallery-is-layout-flex\"><ul class=\"blocks-gallery-grid\"><li class=\"blocks-gallery-item\"><figure><img decoding=\"async\" src=\"https:\/\/projet.csvennes.fr\/wp-content\/themes\/twentytwenty\/assets\/images\/2020-square-2.png\" alt=\"\" data-id=\"39\" data-full-url=\"https:\/\/projet.csvennes.fr\/wp-content\/themes\/twentytwenty\/assets\/images\/2020-square-2.png\" data-link=\"assets\/images\/2020-square-2\/\" class=\"wp-image-39\"\/><\/figure><\/li><li class=\"blocks-gallery-item\"><figure><img decoding=\"async\" src=\"https:\/\/projet.csvennes.fr\/wp-content\/themes\/twentytwenty\/assets\/images\/2020-square-1.png\" alt=\"\" data-id=\"38\" data-full-url=\"https:\/\/projet.csvennes.fr\/wp-content\/themes\/twentytwenty\/assets\/images\/2020-square-1.png\" data-link=\"https:\/\/projet.csvennes.fr\/wp-content\/themes\/twentytwenty\/assets\/images\/2020-square-1\/\" class=\"wp-image-38\"\/><\/figure><\/li><\/ul><\/figure>\n\n\n\n<p><\/p>\n","protected":false},"excerpt":{"rendered":"<p>Parce qu&rsquo;il \u00e9tait difficile de se r\u00e9unir en septembre du fait de la crise sanitaire. Les visioconf\u00e9rences ne sont pas de bonne qualit\u00e9 pour tous. Ce site a pr\u00e9sent\u00e9 les rapports annuels Les adh\u00e9rents ont \u00e9t\u00e9 invit\u00e9s \u00e0 venir voter <a class=\"more-link\" href=\"https:\/\/ag2020.csvennes.fr\/\">Continuer la lecture <span class=\"screen-reader-text\">  Une assembl\u00e9e g\u00e9n\u00e9rale autrement<\/span><span class=\"meta-nav\">&rarr;<\/span><\/a><\/p>\n","protected":false},"author":1,"featured_media":0,"parent":0,"menu_order":0,"comment_status":"closed","ping_status":"closed","template":"","meta":{"footnotes":""},"class_list":["post-8","page","type-page","status-publish","hentry"],"_links":{"self":[{"href":"https:\/\/ag2020.csvennes.fr\/index.php?rest_route=\/wp\/v2\/pages\/8","targetHints":{"allow":["GET"]}}],"collection":[{"href":"https:\/\/ag2020.csvennes.fr\/index.php?rest_route=\/wp\/v2\/pages"}],"about":[{"href":"https:\/\/ag2020.csvennes.fr\/index.php?rest_route=\/wp\/v2\/types\/page"}],"author":[{"embeddable":true,"href":"https:\/\/ag2020.csvennes.fr\/index.php?rest_route=\/wp\/v2\/users\/1"}],"replies":[{"embeddable":true,"href":"https:\/\/ag2020.csvennes.fr\/index.php?rest_route=%2Fwp%2Fv2%2Fcomments&post=8"}],"version-history":[{"count":54,"href":"https:\/\/ag2020.csvennes.fr\/index.php?rest_route=\/wp\/v2\/pages\/8\/revisions"}],"predecessor-version":[{"id":430,"href":"https:\/\/ag2020.csvennes.fr\/index.php?rest_route=\/wp\/v2\/pages\/8\/revisions\/430"}],"wp:attachment":[{"href":"https:\/\/ag2020.csvennes.fr\/index.php?rest_route=%2Fwp%2Fv2%2Fmedia&parent=8"}],"curies":[{"name":"wp","href":"https:\/\/api.w.org\/{rel}","templated":true}]}}